{"id":1122,"date":"2018-04-09T00:12:43","date_gmt":"2018-04-08T22:12:43","guid":{"rendered":"http:\/\/espacedetente.ovh\/?page_id=1122"},"modified":"2020-11-23T15:20:42","modified_gmt":"2020-11-23T14:20:42","slug":"conditions-generales","status":"publish","type":"page","link":"https:\/\/www.espacedetente.ovh\/index.php\/conditions-generales\/","title":{"rendered":"Mentions l\u00e9gales"},"content":{"rendered":"<p>[et_pb_section fb_built=\u00a0\u00bb1&Prime; fullwidth=\u00a0\u00bbon\u00a0\u00bb _builder_version=\u00a0\u00bb3.0.47&Prime;][et_pb_fullwidth_menu menu_id=\u00a0\u00bb2&Prime; submenu_direction=\u00a0\u00bbdownwards\u00a0\u00bb fullwidth_menu=\u00a0\u00bboff\u00a0\u00bb _builder_version=\u00a0\u00bb3.0.98&Prime; menu_font_size=\u00a0\u00bb16px\u00a0\u00bb menu_text_color=\u00a0\u00bb#ffffff\u00a0\u00bb background_color=\u00a0\u00bbrgba(0,23,40,0.96)\u00a0\u00bb text_orientation=\u00a0\u00bbcenter\u00a0\u00bb custom_margin=\u00a0\u00bb10px|||\u00a0\u00bb saved_tabs=\u00a0\u00bball\u00a0\u00bb]\u00a0<br \/>\n[\/et_pb_fullwidth_menu][\/et_pb_section][et_pb_section fb_built=\u00a0\u00bb1&Prime; _builder_version=\u00a0\u00bb3.0.47&Prime;][et_pb_row _builder_version=\u00a0\u00bb3.0.47&Prime; background_size=\u00a0\u00bbinitial\u00a0\u00bb background_position=\u00a0\u00bbtop_left\u00a0\u00bb background_repeat=\u00a0\u00bbrepeat\u00a0\u00bb][et_pb_column type=\u00a0\u00bb4_4&Prime; _builder_version=\u00a0\u00bb3.0.47&Prime; parallax=\u00a0\u00bboff\u00a0\u00bb parallax_method=\u00a0\u00bbon\u00a0\u00bb][et_pb_text _builder_version=\u00a0\u00bb3.0.98&Prime; background_color=\u00a0\u00bbrgba(45,9,0,0.03)\u00a0\u00bb custom_margin=\u00a0\u00bb10px|30px|20px|30px\u00a0\u00bb custom_padding=\u00a0\u00bb10px|30px|20px|30px\u00a0\u00bb animation_style=\u00a0\u00bbfold\u00a0\u00bb box_shadow_style=\u00a0\u00bbpreset1&Prime; box_shadow_color=\u00a0\u00bbrgba(6,80,114,0.3)\u00a0\u00bb]<\/p>\n<h2 class=\"p1\" style=\"text-align: center;\"><span class=\"s1\">Mentions l\u00e9gales<\/span><\/h2>\n<p class=\"p2\"><span class=\"s1\">En vertu de l\u2019article 6 de la loi n\u00b0 2004-575 du 21 juin 2004 pour la confiance dans l\u2019\u00e9conomie num\u00e9rique, il est pr\u00e9cis\u00e9 aux utilisateurs du site <a href=\"https:\/\/www.espacedetente.fr\"><span class=\"s2\">https:\/\/www.espacedetente.fr<\/span><\/a>\u00a0\/ovh\/com\/paris\/biz\/be\/distributeurs-automatique.paris\/org\/net l\u2019identit\u00e9 des diff\u00e9rents intervenants dans le cadre de sa r\u00e9alisation et de son suivi :<\/span><\/p>\n<p class=\"p2\"><span class=\"s1\"><b>Propri\u00e9taire<br \/> <\/b><\/span><span class=\"s1\">Marc Blangu\u00e9rin<br \/> <\/span><b>SARL Blangu\u00e9rin<br \/> <\/b><b>105 av Gambetta<br \/> <\/b><b>93600\u00a0Aulnay sous bois<\/b><\/p>\n<p class=\"p4\"><span class=\"s1\">Responsable de la publication : Marc Blanguerin.<br \/> <\/span><span class=\"s4\">Webdesign :\u00a0<\/span><span class=\"s1\">www.webcommunitymanager.fr<br \/> <\/span><span class=\"s4\">D\u00e9veloppement :\u00a0<\/span><span class=\"s1\">www.webcommunitymanager.fr<br \/> <\/span>Gestionnaire de contenu : WordPress<br \/> H\u00e9bergeur :\u00a0<span class=\"s5\"><a href=\"http:\/\/www.oelis.fr\/\">OVH<br \/> <\/a><\/span>Le contenu des pages web du site carolineriegel.org est prot\u00e9g\u00e9 par les lois en vigueur sur la propri\u00e9t\u00e9 intellectuelle. Toute reproduction, utilisation, r\u00e9f\u00e9rence ou enregistrement, autre qu\u2019\u00e0 des fins personnelles et priv\u00e9es de tout ou partie de ces \u00e9l\u00e9ments doivent faire l\u2019objet d\u2019une demande pr\u00e9alable \u00e9crite et d\u2019une autorisation <a href=\"https:\/\/www.espacedetente.fr\"><span class=\"s2\">www.espacedetente.fr <\/span><\/a><span class=\"s1\">\/ovh\/com\/paris\/biz\/be\/distributeurs-automatique.paris\/org\/be.<\/span><\/p>\n<p class=\"p4\"><span class=\"s1\">Conform\u00e9ment \u00e0 la loi \u00ab Informatique et Libert\u00e9 \u00bb du 6 Janvier 1978, toute personne cit\u00e9e ou visible sur le site de Espacedetente dispose d\u2019un droit de modification ou de suppression des donn\u00e9es personnelles la concernant.<\/span><\/p>\n<p class=\"p4\"><span class=\"s1\">Pour faire valoir ce droit ou pour tout autre question concernant le site <a href=\"http:\/\/espacedetente.fr\"><span class=\"s2\">espacedetente.fr<\/span><\/a>\u00a0\/ovh\/com\/paris\/biz\/be\/distributeurs-automatique.paris\/org\/be contactez Marc Blangu\u00e9rin<\/span><\/p>\n<p class=\"p4\"><span class=\"s1\">Il est possible de cr\u00e9er des liens vers les pages de ce site.<\/span><\/p>\n<p class=\"p4\"><span class=\"s1\">Ce site ne proc\u00e8de \u00e0 aucune collecte de donn\u00e9es personnelles.<\/span><\/p>\n<p>[\/et_pb_text][\/et_pb_column][\/et_pb_row][\/et_pb_section]<\/p>\n","protected":false},"excerpt":{"rendered":"<p>[et_pb_section fb_built=\u00a0\u00bb1&Prime; fullwidth=\u00a0\u00bbon\u00a0\u00bb _builder_version=\u00a0\u00bb3.0.47&Prime;][et_pb_fullwidth_menu menu_id=\u00a0\u00bb2&Prime; submenu_direction=\u00a0\u00bbdownwards\u00a0\u00bb fullwidth_menu=\u00a0\u00bboff\u00a0\u00bb _builder_version=\u00a0\u00bb3.0.98&Prime; menu_font_size=\u00a0\u00bb16px\u00a0\u00bb menu_text_color=\u00a0\u00bb#ffffff\u00a0\u00bb background_color=\u00a0\u00bbrgba(0,23,40,0.96)\u00a0\u00bb text_orientation=\u00a0\u00bbcenter\u00a0\u00bb custom_margin=\u00a0\u00bb10px|||\u00a0\u00bb saved_tabs=\u00a0\u00bball\u00a0\u00bb]\u00a0 [\/et_pb_fullwidth_menu][\/et_pb_section][et_pb_section fb_built=\u00a0\u00bb1&Prime; _builder_version=\u00a0\u00bb3.0.47&Prime;][et_pb_row _builder_version=\u00a0\u00bb3.0.47&Prime; background_size=\u00a0\u00bbinitial\u00a0\u00bb background_position=\u00a0\u00bbtop_left\u00a0\u00bb background_repeat=\u00a0\u00bbrepeat\u00a0\u00bb][et_pb_column type=\u00a0\u00bb4_4&Prime; _builder_version=\u00a0\u00bb3.0.47&Prime; parallax=\u00a0\u00bboff\u00a0\u00bb parallax_method=\u00a0\u00bbon\u00a0\u00bb][et_pb_text _builder_version=\u00a0\u00bb3.0.98&Prime; background_color=\u00a0\u00bbrgba(45,9,0,0.03)\u00a0\u00bb custom_margin=\u00a0\u00bb10px|30px|20px|30px\u00a0\u00bb custom_padding=\u00a0\u00bb10px|30px|20px|30px\u00a0\u00bb animation_style=\u00a0\u00bbfold\u00a0\u00bb box_shadow_style=\u00a0\u00bbpreset1&Prime; box_shadow_color=\u00a0\u00bbrgba(6,80,114,0.3)\u00a0\u00bb] Mentions l\u00e9gales En vertu de l\u2019article 6 de la loi n\u00b0 2004-575 du 21 juin 2004 pour la confiance dans l\u2019\u00e9conomie num\u00e9rique, il [&hellip;]<\/p>\n","protected":false},"author":1,"featured_media":0,"parent":0,"menu_order":0,"comment_status":"closed","ping_status":"closed","template":"","meta":{"footnotes":""},"class_list":["post-1122","page","type-page","status-publish","hentry"],"_links":{"self":[{"href":"https:\/\/www.espacedetente.ovh\/index.php\/wp-json\/wp\/v2\/pages\/1122","targetHints":{"allow":["GET"]}}],"collection":[{"href":"https:\/\/www.espacedetente.ovh\/index.php\/wp-json\/wp\/v2\/pages"}],"about":[{"href":"https:\/\/www.espacedetente.ovh\/index.php\/wp-json\/wp\/v2\/types\/page"}],"author":[{"embeddable":true,"href":"https:\/\/www.espacedetente.ovh\/index.php\/wp-json\/wp\/v2\/users\/1"}],"replies":[{"embeddable":true,"href":"https:\/\/www.espacedetente.ovh\/index.php\/wp-json\/wp\/v2\/comments?post=1122"}],"version-history":[{"count":6,"href":"https:\/\/www.espacedetente.ovh\/index.php\/wp-json\/wp\/v2\/pages\/1122\/revisions"}],"predecessor-version":[{"id":1694,"href":"https:\/\/www.espacedetente.ovh\/index.php\/wp-json\/wp\/v2\/pages\/1122\/revisions\/1694"}],"wp:attachment":[{"href":"https:\/\/www.espacedetente.ovh\/index.php\/wp-json\/wp\/v2\/media?parent=1122"}],"curies":[{"name":"wp","href":"https:\/\/api.w.org\/{rel}","templated":true}]}}