{"id":2,"date":"2021-05-30T17:11:27","date_gmt":"2021-05-30T15:11:27","guid":{"rendered":"http:\/\/espacedetente.ovh\/?page_id=2"},"modified":"2023-07-23T15:48:33","modified_gmt":"2023-07-23T13:48:33","slug":"accueil","status":"publish","type":"page","link":"https:\/\/www.espacedetente.ovh\/","title":{"rendered":"Accueil"},"content":{"rendered":"<p>[et_pb_section fb_built=\u00a0\u00bb1&Prime; background_color=\u00a0\u00bb#0c0c0c\u00a0\u00bb _builder_version=\u00a0\u00bb3.0.98&Prime;][et_pb_row _builder_version=\u00a0\u00bb3.0.47&Prime; background_size=\u00a0\u00bbinitial\u00a0\u00bb background_position=\u00a0\u00bbtop_left\u00a0\u00bb background_repeat=\u00a0\u00bbrepeat\u00a0\u00bb][et_pb_column type=\u00a0\u00bb4_4&Prime; _builder_version=\u00a0\u00bb3.0.47&Prime; parallax=\u00a0\u00bboff\u00a0\u00bb parallax_method=\u00a0\u00bbon\u00a0\u00bb][et_pb_image src=\u00a0\u00bbhttps:\/\/espacedetente.ovh\/wp-content\/uploads\/2018\/02\/logo-cafe\u0301-12-3.png\u00a0\u00bb _builder_version=\u00a0\u00bb3.0.98&Prime; background_color=\u00a0\u00bb#ffffff\u00a0\u00bb global_module=\u00a0\u00bb707&Prime; saved_tabs=\u00a0\u00bball\u00a0\u00bb]<\/p>\n<p>[\/et_pb_image][\/et_pb_column][\/et_pb_row][\/et_pb_section][et_pb_section fb_built=\u00a0\u00bb1&Prime; fullwidth=\u00a0\u00bbon\u00a0\u00bb _builder_version=\u00a0\u00bb3.0.98&Prime;][et_pb_fullwidth_menu menu_id=\u00a0\u00bb2&Prime; submenu_direction=\u00a0\u00bbdownwards\u00a0\u00bb fullwidth_menu=\u00a0\u00bboff\u00a0\u00bb _builder_version=\u00a0\u00bb3.0.98&Prime; menu_font=\u00a0\u00bb||||||||\u00a0\u00bb menu_font_size=\u00a0\u00bb16px\u00a0\u00bb menu_text_color=\u00a0\u00bb#ffffff\u00a0\u00bb background_color=\u00a0\u00bbrgba(0,23,40,0.96)\u00a0\u00bb text_orientation=\u00a0\u00bbcenter\u00a0\u00bb custom_margin=\u00a0\u00bb10px|||\u00a0\u00bb][\/et_pb_fullwidth_menu][\/et_pb_section][et_pb_section fb_built=\u00a0\u00bb1&Prime; background_color=\u00a0\u00bb#000000&Prime; fullwidth=\u00a0\u00bbon\u00a0\u00bb _builder_version=\u00a0\u00bb3.0.98&Prime;][et_pb_fullwidth_code _builder_version=\u00a0\u00bb3.0.98&Prime; custom_padding=\u00a0\u00bb10px|20px||20px\u00a0\u00bb animation_style=\u00a0\u00bbfade\u00a0\u00bb]\t\t<div style=\"width:800px;height:300px;margin-bottom:10px;margin:0px auto;\">\r\n\t\t\t<div style=\"margin: auto; line-height: 40px; font-size: 14px; color: #FFF; padding: 15px; background: #E74C3C; margin: 20px 0px;\">\r\n\t\t\t\tRevolution Slider Error: Slider with alias <strong>&quot;caf\u00e9&quot;<\/strong> not found. <br>Maybe you mean: 'Accueil' or 'caf\u00e9' or 'logo' or 'machine'\t\t\t<\/div>\r\n\t\t<\/div>\r\n\t\t<script type=\"text\/javascript\">\r\n\t\t\tjQuery(document).ready(function(){\r\n\t\t\t\tjQuery(\".rev_slider\").show();\r\n\t\t\t});\r\n\t\t<\/script>\r\n\t\t[\/et_pb_fullwidth_code][\/et_pb_section][et_pb_section fb_built=\u00a0\u00bb1&Prime; background_color=\u00a0\u00bb#000000&Prime; _builder_version=\u00a0\u00bb3.0.98&Prime;][et_pb_row custom_padding=\u00a0\u00bb19px|0px|0px|0px\u00a0\u00bb _builder_version=\u00a0\u00bb3.0.98&Prime; background_size=\u00a0\u00bbinitial\u00a0\u00bb background_position=\u00a0\u00bbtop_left\u00a0\u00bb background_repeat=\u00a0\u00bbrepeat\u00a0\u00bb][et_pb_column type=\u00a0\u00bb4_4&Prime; _builder_version=\u00a0\u00bb3.0.47&Prime; parallax=\u00a0\u00bboff\u00a0\u00bb parallax_method=\u00a0\u00bbon\u00a0\u00bb][et_pb_blurb title=\u00a0\u00bbSp\u00e9cialiste de la distribution de boissons chaudes, froides, partenaire de votre espace d\u00e9tente. Entreprise Locale et \u00c9co-responsable.\u00a0\u00bb image=\u00a0\u00bbhttps:\/\/espacedetente.ovh\/wp-content\/uploads\/2018\/02\/50.jpg\u00a0\u00bb content_max_width=\u00a0\u00bb887px\u00a0\u00bb _builder_version=\u00a0\u00bb3.0.98&Prime; header_font=\u00a0\u00bb||||||||\u00a0\u00bb header_font_size=\u00a0\u00bb27px\u00a0\u00bb header_text_color=\u00a0\u00bb#441a00&Prime; header_line_height=\u00a0\u00bb1.4em\u00a0\u00bb body_font=\u00a0\u00bb||||||||\u00a0\u00bb background_color=\u00a0\u00bb#ffffff\u00a0\u00bb border_width_all=\u00a0\u00bb2px\u00a0\u00bb border_color_all=\u00a0\u00bb#002328&Prime; border_width_all_image=\u00a0\u00bb2px\u00a0\u00bb text_orientation=\u00a0\u00bbcenter\u00a0\u00bb custom_margin=\u00a0\u00bb||30px|\u00a0\u00bb custom_margin_phone=\u00a0\u00bb|||\u00a0\u00bb custom_margin_last_edited=\u00a0\u00bbon|tablet\u00a0\u00bb custom_padding=\u00a0\u00bb10px|10px||10px\u00a0\u00bb animation_style=\u00a0\u00bbfold\u00a0\u00bb box_shadow_style=\u00a0\u00bbpreset2&Prime; box_shadow_color=\u00a0\u00bb#002328&Prime;][\/et_pb_blurb][\/et_pb_column][\/et_pb_row][\/et_pb_section][et_pb_section fb_built=\u00a0\u00bb1&Prime; background_color=\u00a0\u00bb#000000&Prime; _builder_version=\u00a0\u00bb3.0.98&Prime; custom_padding=\u00a0\u00bb0px|0px|0px|0px\u00a0\u00bb][et_pb_row background_color=\u00a0\u00bb#ffffff\u00a0\u00bb _builder_version=\u00a0\u00bb3.0.98&Prime; border_width_all=\u00a0\u00bb2px\u00a0\u00bb][et_pb_column type=\u00a0\u00bb1_2&Prime; _builder_version=\u00a0\u00bb3.0.47&Prime; parallax=\u00a0\u00bboff\u00a0\u00bb parallax_method=\u00a0\u00bbon\u00a0\u00bb][et_pb_image src=\u00a0\u00bbhttps:\/\/espacedetente.ovh\/wp-content\/uploads\/2018\/02\/Fotolia_69347908_XS.jpg\u00a0\u00bb _builder_version=\u00a0\u00bb3.0.98&Prime; custom_margin=\u00a0\u00bb|||\u00a0\u00bb custom_padding=\u00a0\u00bb20px|30px|20px|30px\u00a0\u00bb custom_padding_last_edited=\u00a0\u00bbon|desktop\u00a0\u00bb animation_style=\u00a0\u00bbflip\u00a0\u00bb box_shadow_style=\u00a0\u00bbpreset3&Prime; box_shadow_color=\u00a0\u00bb#002956&Prime;][\/et_pb_image][et_pb_image src=\u00a0\u00bbhttps:\/\/espacedetente.ovh\/wp-content\/uploads\/2018\/02\/coffee-break-1177540_640.jpg\u00a0\u00bb _builder_version=\u00a0\u00bb3.0.98&Prime; max_width=\u00a0\u00bb97%\u00a0\u00bb module_alignment=\u00a0\u00bbcenter\u00a0\u00bb custom_padding=\u00a0\u00bb20px|20px|20px|20px\u00a0\u00bb animation_style=\u00a0\u00bbflip\u00a0\u00bb box_shadow_style=\u00a0\u00bbpreset6&Prime; box_shadow_color=\u00a0\u00bb#002956&Prime;][\/et_pb_image][\/et_pb_column][et_pb_column type=\u00a0\u00bb1_2&Prime; _builder_version=\u00a0\u00bb3.0.47&Prime; parallax=\u00a0\u00bboff\u00a0\u00bb parallax_method=\u00a0\u00bbon\u00a0\u00bb][et_pb_text background_layout=\u00a0\u00bbdark\u00a0\u00bb _builder_version=\u00a0\u00bb3.0.98&Prime; text_font=\u00a0\u00bbMerriweather||||||||\u00a0\u00bb text_font_size=\u00a0\u00bb17px\u00a0\u00bb text_text_color=\u00a0\u00bb#3d2310&Prime; text_line_height=\u00a0\u00bb1.9em\u00a0\u00bb header_font=\u00a0\u00bb||||||||\u00a0\u00bb text_orientation=\u00a0\u00bbcenter\u00a0\u00bb custom_margin=\u00a0\u00bb-10px|20px|10px|20px\u00a0\u00bb custom_padding=\u00a0\u00bb50px|20px|10px|20px\u00a0\u00bb animation_style=\u00a0\u00bbflip\u00a0\u00bb box_shadow_style=\u00a0\u00bbpreset3&Prime; box_shadow_spread=\u00a0\u00bb-7px\u00a0\u00bb box_shadow_color=\u00a0\u00bb#002956&Prime; inline_fonts=\u00a0\u00bbPoiret One,Hammersmith One,Fjalla One,Merriweather\u00a0\u00bb]<\/p>\n<p style=\"text-align: left;\"><span style=\"font-family: Merriweather; font-weight: normal; font-size: large;\"><span style=\"color: #000000;\"><strong><span face=\"Poiret One\"><span face=\"Poiret One\"><span style=\"text-decoration: underline;\">Espace D\u00e9tente :<\/span><\/span><\/span><\/strong><\/span><strong><span face=\"Poiret One\"><span face=\"Poiret One\">\u00a0<\/span><\/span><\/strong><span face=\"Poiret One\"><span face=\"Poiret One\">l<\/span><\/span><span face=\"Poiret One\"><span face=\"Poiret One\">&lsquo;<\/span><\/span><span face=\"Poiret One\"><span face=\"Poiret One\">entreprise<\/span><\/span><span face=\"Poiret One\"><span face=\"Poiret One\">\u00a0locale de<\/span><\/span><span face=\"Poiret One\"><span face=\"Poiret One\"> distr<\/span><\/span><span face=\"Poiret One\"><span face=\"Poiret One\">ibution<\/span><\/span><span face=\"Poiret One\"><span face=\"Poiret One\"> aut<\/span><\/span><span face=\"Poiret One\"><span face=\"Poiret One\">omatique<\/span><\/span><span face=\"Poiret One\"><span face=\"Poiret One\"> d<\/span><\/span><span face=\"Poiret One\"><span face=\"Poiret One\">epuis<\/span><\/span><span face=\"Poiret One\"><span face=\"Poiret One\"> pl<\/span><\/span><span face=\"Poiret One\"><span face=\"Poiret One\">us<\/span><\/span><span face=\"Poiret One\"><span face=\"Poiret One\"> <\/span><\/span><span face=\"Poiret One\"><span face=\"Poiret One\">de<\/span><\/span><span face=\"Poiret One\"><span face=\"Poiret One\"> 5<\/span><\/span><span face=\"Poiret One\"><span face=\"Poiret One\">0<\/span><\/span><span face=\"Poiret One\"><span face=\"Poiret One\"> <\/span><\/span><span face=\"Poiret One\"><span face=\"Poiret One\">ans<\/span><\/span><span face=\"Poiret One\"><span face=\"Poiret One\">\u00a0<\/span><\/span><span color=\"#0c0202\" face=\"Poiret One\"><span face=\"Arbutus Slab\">en<\/span><\/span><span color=\"#0c0202\" face=\"Poiret One\"> <\/span><span color=\"#0c0202\" face=\"Poiret One\"><span face=\"Arbutus Slab\">\u00cele-de-France,\u00a0<\/span><\/span><span color=\"#0c0202\" face=\"Poiret One\"><span face=\"Arbutus Slab\">\u00e9coresponsable<\/span><\/span><span color=\"#0c0202\" face=\"Poiret One\">\u00a0<\/span><span color=\"#0c0202\" face=\"Poiret One\">:<\/span><\/span><\/p>\n<p style=\"text-align: left;\"><span style=\"font-size: small; font-family: Merriweather; font-weight: normal; color: #000000;\">Fort de notre savoir-faire, nous vous proposons une large palette de machines, dans le but de faire de votre espace d\u00e9tente un endroit accueillant, chaleureux et convivial.<\/span><\/p>\n<p style=\"text-align: left;\"><span style=\"font-size: small; font-family: Merriweather; font-weight: normal; color: #000000;\">Il est important pour vos salari\u00e9s, clients d\u2019avoir un espace qui leur permettent de prendre une v\u00e9ritable pause, de se retrouver avant de se replonger dans le travail, car la communication passe aussi par l&rsquo;espace de la machine \u00e0 caf\u00e9.<\/span><\/p>\n<p style=\"text-align: left;\"><span style=\"font-size: small; font-family: Merriweather; font-weight: normal; color: #000000;\">Nous proposons des machines distribuant des boissons chaudes ainsi que des boissons fra\u00eeches, des distributeurs automatiques permettant la vente de confiseries, de snacks, en-cas, de g\u00e2teaux, (de sandwichs) et de boissons, et \u00e9galement des fontaines d\u2019eau fra\u00eeche ou \u00e0 temp\u00e9rature ambiante.<\/span><\/p>\n<p style=\"text-align: left;\"><span style=\"color: #000000; font-family: Merriweather; font-weight: normal; font-size: small;\">Votre espace d\u00e9tente est notre priorit\u00e9, nous proposons en outre un espace personnalis\u00e9 pour une meilleure optimisation de l\u2019espace de vie de vos salari\u00e9s, et\/ou clients.<\/span><\/p>\n<p>[\/et_pb_text][\/et_pb_column][\/et_pb_row][et_pb_row _builder_version=\u00a0\u00bb3.0.98&Prime; background_size=\u00a0\u00bbinitial\u00a0\u00bb background_position=\u00a0\u00bbtop_left\u00a0\u00bb background_repeat=\u00a0\u00bbrepeat\u00a0\u00bb filter_brightness=\u00a0\u00bb144%\u00a0\u00bb filter_contrast=\u00a0\u00bb58%\u00a0\u00bb filter_sepia=\u00a0\u00bb100%\u00a0\u00bb][et_pb_column type=\u00a0\u00bb4_4&Prime; _builder_version=\u00a0\u00bb3.0.47&Prime; parallax=\u00a0\u00bboff\u00a0\u00bb parallax_method=\u00a0\u00bbon\u00a0\u00bb][et_pb_cta title=\u00a0\u00bbBesoin d&rsquo;une \u00e9tude ?\u00a0\u00bb button_url=\u00a0\u00bbhttp:\/\/espacedetente.ovh\/index.php\/contact\/\u00a0\u00bb button_text=\u00a0\u00bbContact\u00a0\u00bb background_color=\u00a0\u00bbrgba(33,73,2,0)\u00a0\u00bb background_layout=\u00a0\u00bblight\u00a0\u00bb admin_label=\u00a0\u00bbCall To Action\u00a0\u00bb _builder_version=\u00a0\u00bb3.0.98&Prime; header_font=\u00a0\u00bb||||||||\u00a0\u00bb header_font_size=\u00a0\u00bb38px\u00a0\u00bb header_font_size_phone=\u00a0\u00bb25px\u00a0\u00bb header_font_size_last_edited=\u00a0\u00bbon|phone\u00a0\u00bb header_text_color=\u00a0\u00bb#8e8e8e\u00a0\u00bb body_font_size=\u00a0\u00bb24px\u00a0\u00bb body_font_size_phone=\u00a0\u00bb14px\u00a0\u00bb body_font_size_last_edited=\u00a0\u00bbon|phone\u00a0\u00bb body_text_color=\u00a0\u00bb#002956&Prime; background_size=\u00a0\u00bbinitial\u00a0\u00bb background_position=\u00a0\u00bbtop_left\u00a0\u00bb background_repeat=\u00a0\u00bbrepeat\u00a0\u00bb custom_button=\u00a0\u00bbon\u00a0\u00bb button_text_size=\u00a0\u00bb25px\u00a0\u00bb button_text_color=\u00a0\u00bb#ffffff\u00a0\u00bb button_font=\u00a0\u00bb||||||||\u00a0\u00bb]L&rsquo;\u00e9tude est sans engagement et vous permettra d&rsquo;avoir l&rsquo;avis d&rsquo;un sp\u00e9cialiste.[\/et_pb_cta][et_pb_divider show_divider=\u00a0\u00bbon\u00a0\u00bb _builder_version=\u00a0\u00bb3.0.98&Prime;][\/et_pb_divider][\/et_pb_column][\/et_pb_row][\/et_pb_section]<\/p>\n","protected":false},"excerpt":{"rendered":"<p>[et_pb_section fb_built=\u00a0\u00bb1&Prime; background_color=\u00a0\u00bb#0c0c0c\u00a0\u00bb _builder_version=\u00a0\u00bb3.0.98&Prime;][et_pb_row _builder_version=\u00a0\u00bb3.0.47&Prime; background_size=\u00a0\u00bbinitial\u00a0\u00bb background_position=\u00a0\u00bbtop_left\u00a0\u00bb background_repeat=\u00a0\u00bbrepeat\u00a0\u00bb][et_pb_column type=\u00a0\u00bb4_4&Prime; _builder_version=\u00a0\u00bb3.0.47&Prime; parallax=\u00a0\u00bboff\u00a0\u00bb parallax_method=\u00a0\u00bbon\u00a0\u00bb][et_pb_image src=\u00a0\u00bbhttps:\/\/espacedetente.ovh\/wp-content\/uploads\/2018\/02\/logo-cafe\u0301-12-3.png\u00a0\u00bb _builder_version=\u00a0\u00bb3.0.98&Prime; background_color=\u00a0\u00bb#ffffff\u00a0\u00bb global_module=\u00a0\u00bb707&Prime; saved_tabs=\u00a0\u00bball\u00a0\u00bb] [\/et_pb_image][\/et_pb_column][\/et_pb_row][\/et_pb_section][et_pb_section fb_built=\u00a0\u00bb1&Prime; fullwidth=\u00a0\u00bbon\u00a0\u00bb _builder_version=\u00a0\u00bb3.0.98&Prime;][et_pb_fullwidth_menu menu_id=\u00a0\u00bb2&Prime; submenu_direction=\u00a0\u00bbdownwards\u00a0\u00bb fullwidth_menu=\u00a0\u00bboff\u00a0\u00bb _builder_version=\u00a0\u00bb3.0.98&Prime; menu_font=\u00a0\u00bb||||||||\u00a0\u00bb menu_font_size=\u00a0\u00bb16px\u00a0\u00bb menu_text_color=\u00a0\u00bb#ffffff\u00a0\u00bb background_color=\u00a0\u00bbrgba(0,23,40,0.96)\u00a0\u00bb text_orientation=\u00a0\u00bbcenter\u00a0\u00bb custom_margin=\u00a0\u00bb10px|||\u00a0\u00bb][\/et_pb_fullwidth_menu][\/et_pb_section][et_pb_section fb_built=\u00a0\u00bb1&Prime; background_color=\u00a0\u00bb#000000&Prime; fullwidth=\u00a0\u00bbon\u00a0\u00bb _builder_version=\u00a0\u00bb3.0.98&Prime;][et_pb_fullwidth_code _builder_version=\u00a0\u00bb3.0.98&Prime; custom_padding=\u00a0\u00bb10px|20px||20px\u00a0\u00bb animation_style=\u00a0\u00bbfade\u00a0\u00bb][\/et_pb_fullwidth_code][\/et_pb_section][et_pb_section fb_built=\u00a0\u00bb1&Prime; background_color=\u00a0\u00bb#000000&Prime; _builder_version=\u00a0\u00bb3.0.98&Prime;][et_pb_row custom_padding=\u00a0\u00bb19px|0px|0px|0px\u00a0\u00bb _builder_version=\u00a0\u00bb3.0.98&Prime; background_size=\u00a0\u00bbinitial\u00a0\u00bb background_position=\u00a0\u00bbtop_left\u00a0\u00bb background_repeat=\u00a0\u00bbrepeat\u00a0\u00bb][et_pb_column type=\u00a0\u00bb4_4&Prime; _builder_version=\u00a0\u00bb3.0.47&Prime; parallax=\u00a0\u00bboff\u00a0\u00bb parallax_method=\u00a0\u00bbon\u00a0\u00bb][et_pb_blurb title=\u00a0\u00bbSp\u00e9cialiste de la distribution de [&hellip;]<\/p>\n","protected":false},"author":1,"featured_media":0,"parent":0,"menu_order":0,"comment_status":"closed","ping_status":"closed","template":"","meta":{"footnotes":""},"class_list":["post-2","page","type-page","status-publish","hentry"],"_links":{"self":[{"href":"https:\/\/www.espacedetente.ovh\/index.php\/wp-json\/wp\/v2\/pages\/2","targetHints":{"allow":["GET"]}}],"collection":[{"href":"https:\/\/www.espacedetente.ovh\/index.php\/wp-json\/wp\/v2\/pages"}],"about":[{"href":"https:\/\/www.espacedetente.ovh\/index.php\/wp-json\/wp\/v2\/types\/page"}],"author":[{"embeddable":true,"href":"https:\/\/www.espacedetente.ovh\/index.php\/wp-json\/wp\/v2\/users\/1"}],"replies":[{"embeddable":true,"href":"https:\/\/www.espacedetente.ovh\/index.php\/wp-json\/wp\/v2\/comments?post=2"}],"version-history":[{"count":260,"href":"https:\/\/www.espacedetente.ovh\/index.php\/wp-json\/wp\/v2\/pages\/2\/revisions"}],"predecessor-version":[{"id":1803,"href":"https:\/\/www.espacedetente.ovh\/index.php\/wp-json\/wp\/v2\/pages\/2\/revisions\/1803"}],"wp:attachment":[{"href":"https:\/\/www.espacedetente.ovh\/index.php\/wp-json\/wp\/v2\/media?parent=2"}],"curies":[{"name":"wp","href":"https:\/\/api.w.org\/{rel}","templated":true}]}}