{"id":54,"date":"2018-01-26T17:35:49","date_gmt":"2018-01-26T16:35:49","guid":{"rendered":"http:\/\/espacedetente.ovh\/?page_id=54"},"modified":"2020-11-23T14:42:33","modified_gmt":"2020-11-23T13:42:33","slug":"depot-gratuit","status":"publish","type":"page","link":"https:\/\/www.espacedetente.ovh\/index.php\/depot-gratuit\/","title":{"rendered":"D\u00e9p\u00f4t gratuit,  gestion et SAV"},"content":{"rendered":"<p>[et_pb_section fb_built=\u00a0\u00bb1&Prime; _builder_version=\u00a0\u00bb3.0.47&Prime;][et_pb_row _builder_version=\u00a0\u00bb3.0.47&Prime; background_size=\u00a0\u00bbinitial\u00a0\u00bb background_position=\u00a0\u00bbtop_left\u00a0\u00bb background_repeat=\u00a0\u00bbrepeat\u00a0\u00bb][et_pb_column type=\u00a0\u00bb4_4&Prime; _builder_version=\u00a0\u00bb3.0.47&Prime; parallax=\u00a0\u00bboff\u00a0\u00bb parallax_method=\u00a0\u00bbon\u00a0\u00bb][et_pb_image src=\u00a0\u00bbhttps:\/\/espacedetente.ovh\/wp-content\/uploads\/2018\/02\/logo-cafe\u0301-12-3.png\u00a0\u00bb _builder_version=\u00a0\u00bb3.0.98&Prime;][\/et_pb_image][\/et_pb_column][\/et_pb_row][\/et_pb_section][et_pb_section fb_built=\u00a0\u00bb1&Prime; fullwidth=\u00a0\u00bbon\u00a0\u00bb _builder_version=\u00a0\u00bb3.0.47&Prime;][et_pb_fullwidth_menu menu_id=\u00a0\u00bb2&Prime; submenu_direction=\u00a0\u00bbdownwards\u00a0\u00bb fullwidth_menu=\u00a0\u00bboff\u00a0\u00bb _builder_version=\u00a0\u00bb3.0.98&Prime; menu_font_size=\u00a0\u00bb16px\u00a0\u00bb menu_text_color=\u00a0\u00bb#ffffff\u00a0\u00bb background_color=\u00a0\u00bbrgba(0,23,40,0.96)\u00a0\u00bb text_orientation=\u00a0\u00bbcenter\u00a0\u00bb custom_margin=\u00a0\u00bb10px|||\u00a0\u00bb saved_tabs=\u00a0\u00bball\u00a0\u00bb][\/et_pb_fullwidth_menu][\/et_pb_section][et_pb_section fb_built=\u00a0\u00bb1&Prime; _builder_version=\u00a0\u00bb3.0.47&Prime; custom_padding=\u00a0\u00bb43.2344px|0px|0px|0px\u00a0\u00bb][et_pb_row custom_padding=\u00a0\u00bb|||\u00a0\u00bb custom_margin=\u00a0\u00bb|||\u00a0\u00bb background_color=\u00a0\u00bb#f8f0ea\u00a0\u00bb _builder_version=\u00a0\u00bb3.0.98&Prime; box_shadow_style=\u00a0\u00bbpreset1&Prime; box_shadow_color=\u00a0\u00bb#002328&Prime;][et_pb_column type=\u00a0\u00bb4_4&Prime; _builder_version=\u00a0\u00bb3.0.47&Prime; parallax=\u00a0\u00bboff\u00a0\u00bb parallax_method=\u00a0\u00bbon\u00a0\u00bb][et_pb_text background_layout=\u00a0\u00bbdark\u00a0\u00bb _builder_version=\u00a0\u00bb3.0.98&Prime; text_font=\u00a0\u00bbEnriqueta||||||||\u00a0\u00bb text_font_size=\u00a0\u00bb28px\u00a0\u00bb text_font_size_phone=\u00a0\u00bb14px\u00a0\u00bb text_font_size_last_edited=\u00a0\u00bbon|tablet\u00a0\u00bb text_text_color=\u00a0\u00bb#f8f0ea\u00a0\u00bb text_line_height=\u00a0\u00bb1.6em\u00a0\u00bb custom_margin=\u00a0\u00bb||5px|\u00a0\u00bb custom_margin_tablet=\u00a0\u00bb5px|||\u00a0\u00bb custom_margin_last_edited=\u00a0\u00bbon|tablet\u00a0\u00bb custom_padding=\u00a0\u00bb||5px|\u00a0\u00bb custom_padding_tablet=\u00a0\u00bb||10px|\u00a0\u00bb custom_padding_last_edited=\u00a0\u00bbon|tablet\u00a0\u00bb animation_style=\u00a0\u00bbfold\u00a0\u00bb box_shadow_style=\u00a0\u00bbpreset1&Prime;]<\/p>\n<p style=\"text-align: center;\"><span style=\"color: #000000;\">D\u00e9p\u00f4t gratuit: forfait tout compris, formule tranquilit\u00e9<\/span><\/p>\n<p>[\/et_pb_text][\/et_pb_column][\/et_pb_row][\/et_pb_section][et_pb_section fb_built=\u00a0\u00bb1&Prime; _builder_version=\u00a0\u00bb3.0.47&Prime;][et_pb_row custom_padding=\u00a0\u00bb0px|0px||0px\u00a0\u00bb custom_margin=\u00a0\u00bb15px||15px|\u00a0\u00bb background_color=\u00a0\u00bbrgba(0,31,63,0.97)\u00a0\u00bb _builder_version=\u00a0\u00bb3.0.98&Prime; border_radii=\u00a0\u00bbon|20px|20px|20px|20px\u00a0\u00bb module_alignment=\u00a0\u00bbcenter\u00a0\u00bb][et_pb_column type=\u00a0\u00bb4_4&Prime; _builder_version=\u00a0\u00bb3.0.47&Prime; parallax=\u00a0\u00bboff\u00a0\u00bb parallax_method=\u00a0\u00bbon\u00a0\u00bb][et_pb_text background_layout=\u00a0\u00bbdark\u00a0\u00bb _builder_version=\u00a0\u00bb3.0.98&Prime; text_font=\u00a0\u00bbEnriqueta||||||||\u00a0\u00bb text_font_size=\u00a0\u00bb20px\u00a0\u00bb text_font_size_tablet=\u00a0\u00bb16px\u00a0\u00bb text_font_size_phone=\u00a0\u00bb16px\u00a0\u00bb text_font_size_last_edited=\u00a0\u00bbon|phone\u00a0\u00bb text_text_color=\u00a0\u00bb#ffffff\u00a0\u00bb header_font=\u00a0\u00bb||||||||\u00a0\u00bb header_font_size=\u00a0\u00bb33px\u00a0\u00bb border_radii=\u00a0\u00bbon|20px|20px|20px|20px\u00a0\u00bb border_width_all=\u00a0\u00bb2px\u00a0\u00bb custom_margin_tablet=\u00a0\u00bb|||\u00a0\u00bb custom_margin_last_edited=\u00a0\u00bbon|desktop\u00a0\u00bb custom_padding=\u00a0\u00bb30px|20px|20px|20px\u00a0\u00bb]<\/p>\n<p style=\"text-align: center;\"><strong>Formule choisie par plus de 95% de nos clients.<\/strong><\/p>\n<p>Mise \u00e0 disposition <strong>gratuite<\/strong> du distributeur automatique.<\/p>\n<p>Seules les consommations sont pay\u00e9es par les utilisateurs, le distributeur automatique est \u00e0 notre charge.<\/p>\n<p>Nous installons, mettons \u00e0 disposition, entretenons, approvisionnons les distributeurs, et ce service est enti\u00e8rement financ\u00e9 par la vente de nos produits.<\/p>\n<p>A part sur les petits mod\u00e8les de bureau, il n\u2019y a aucune charge et aucun remplissage ou entretien \u00e0 effectuer:\u00a0<strong>gestion compl\u00e8te<\/strong>.<\/p>\n<p>Dans le cas o\u00f9 un minimum de consommations n&rsquo;est pas atteint, nous proposons le remplacement ou le retrait de notre mat\u00e9riel, sans que cela n&rsquo;engendre de frais pour votre structure.<\/p>\n<p>Le prix de la consommation comprend celui de la machine, des produits et du service.<br \/>\n[\/et_pb_text][\/et_pb_column][\/et_pb_row][\/et_pb_section][et_pb_section fb_built=\u00a0\u00bb1&Prime; _builder_version=\u00a0\u00bb3.0.47&Prime;][et_pb_row custom_padding=\u00a0\u00bb0px|0px|0px|0px\u00a0\u00bb custom_margin=\u00a0\u00bb20px||20px|\u00a0\u00bb _builder_version=\u00a0\u00bb3.0.98&Prime;][et_pb_column type=\u00a0\u00bb1_2&Prime; _builder_version=\u00a0\u00bb3.0.47&Prime; parallax=\u00a0\u00bboff\u00a0\u00bb parallax_method=\u00a0\u00bbon\u00a0\u00bb][et_pb_testimonial url=\u00a0\u00bb#\u00a0\u00bb portrait_url=\u00a0\u00bbhttps:\/\/espacedetente.ovh\/wp-content\/uploads\/2018\/02\/2016-05-16-16.00.49.jpg\u00a0\u00bb quote_icon=\u00a0\u00bboff\u00a0\u00bb background_color=\u00a0\u00bb#ffffff\u00a0\u00bb background_layout=\u00a0\u00bblight\u00a0\u00bb admin_label=\u00a0\u00bbTestimonial\u00a0\u00bb _builder_version=\u00a0\u00bb3.0.98&Prime; body_font_size=\u00a0\u00bb18px\u00a0\u00bb body_text_color=\u00a0\u00bb#192f5e\u00a0\u00bb body_line_height=\u00a0\u00bb1.7em\u00a0\u00bb background_size=\u00a0\u00bbinitial\u00a0\u00bb background_position=\u00a0\u00bbtop_left\u00a0\u00bb background_repeat=\u00a0\u00bbrepeat\u00a0\u00bb border_radii=\u00a0\u00bbon|4px|4px|4px|4px\u00a0\u00bb text_orientation=\u00a0\u00bbcenter\u00a0\u00bb custom_margin=\u00a0\u00bb10px|10px|10px|10px\u00a0\u00bb custom_margin_phone=\u00a0\u00bb|||\u00a0\u00bb custom_margin_last_edited=\u00a0\u00bbon|phone\u00a0\u00bb custom_padding=\u00a0\u00bb|||\u00a0\u00bb animation_style=\u00a0\u00bbslide\u00a0\u00bb animation_direction=\u00a0\u00bbright\u00a0\u00bb animation_duration=\u00a0\u00bb500ms\u00a0\u00bb animation_intensity_slide=\u00a0\u00bb10%\u00a0\u00bb box_shadow_style=\u00a0\u00bbpreset1&Prime; box_shadow_color=\u00a0\u00bbrgba(224,153,0,0.3)\u00a0\u00bb]<\/p>\n<h1><strong><span style=\"color: #000000;\">Flexibilit\u00e9 :<\/span><\/strong><\/h1>\n<p><span style=\"color: #000000;\">Le choix du mat\u00e9riel, des produits n&rsquo;est pas fig\u00e9 et peut \u00eatre remplac\u00e9 pour \u00eatre en permanence le\u00a0<strong>plus adapt\u00e9<\/strong>.<\/span><br \/>\n<span style=\"color: #000000;\"> L&rsquo;installation est\u00a0<strong>gratuite<\/strong>.<\/span><br \/>\n[\/et_pb_testimonial][\/et_pb_column][et_pb_column type=\u00a0\u00bb1_2&Prime; _builder_version=\u00a0\u00bb3.0.47&Prime; parallax=\u00a0\u00bboff\u00a0\u00bb parallax_method=\u00a0\u00bbon\u00a0\u00bb][et_pb_testimonial url=\u00a0\u00bb#\u00a0\u00bb portrait_url=\u00a0\u00bbhttps:\/\/espacedetente.ovh\/wp-content\/uploads\/2018\/02\/machine-marc-1-1.png\u00a0\u00bb quote_icon=\u00a0\u00bboff\u00a0\u00bb background_color=\u00a0\u00bb#ffffff\u00a0\u00bb background_layout=\u00a0\u00bblight\u00a0\u00bb admin_label=\u00a0\u00bbTestimonial\u00a0\u00bb _builder_version=\u00a0\u00bb3.0.98&Prime; body_font_size=\u00a0\u00bb18px\u00a0\u00bb body_text_color=\u00a0\u00bb#192f5e\u00a0\u00bb body_line_height=\u00a0\u00bb1.7em\u00a0\u00bb background_size=\u00a0\u00bbinitial\u00a0\u00bb background_position=\u00a0\u00bbtop_left\u00a0\u00bb background_repeat=\u00a0\u00bbrepeat\u00a0\u00bb text_orientation=\u00a0\u00bbcenter\u00a0\u00bb custom_margin=\u00a0\u00bb10px|10px|10px|10px\u00a0\u00bb custom_padding=\u00a0\u00bb||90px|\u00a0\u00bb animation_style=\u00a0\u00bbslide\u00a0\u00bb animation_direction=\u00a0\u00bbright\u00a0\u00bb animation_duration=\u00a0\u00bb500ms\u00a0\u00bb animation_intensity_slide=\u00a0\u00bb10%\u00a0\u00bb box_shadow_style=\u00a0\u00bbpreset1&Prime; box_shadow_color=\u00a0\u00bbrgba(12,113,195,0.3)\u00a0\u00bb]<\/p>\n<h3><strong>Sans Soucis :<\/strong><\/h3>\n<p>Le service est assur\u00e9 enti\u00e8rement par un professionel qui effectue un\u00a0<strong>suivi r\u00e9gulier<\/strong>.<br \/>\n[\/et_pb_testimonial][\/et_pb_column][\/et_pb_row][et_pb_row custom_margin=\u00a0\u00bb||20px|\u00a0\u00bb _builder_version=\u00a0\u00bb3.0.98&Prime;][et_pb_column type=\u00a0\u00bb1_2&Prime; _builder_version=\u00a0\u00bb3.0.47&Prime; parallax=\u00a0\u00bboff\u00a0\u00bb parallax_method=\u00a0\u00bbon\u00a0\u00bb][et_pb_testimonial url=\u00a0\u00bb#\u00a0\u00bb portrait_url=\u00a0\u00bbhttps:\/\/espacedetente.ovh\/wp-content\/uploads\/2018\/02\/Rhe\u0301a-Maxi-Luce-e\u0301tiquettes-pour-the\u0301-menthe.jpg\u00a0\u00bb quote_icon=\u00a0\u00bboff\u00a0\u00bb background_color=\u00a0\u00bb#ffffff\u00a0\u00bb background_layout=\u00a0\u00bblight\u00a0\u00bb admin_label=\u00a0\u00bbTestimonial\u00a0\u00bb _builder_version=\u00a0\u00bb3.0.98&Prime; body_font=\u00a0\u00bb||||||||\u00a0\u00bb body_font_size=\u00a0\u00bb18px\u00a0\u00bb body_text_color=\u00a0\u00bb#192f5e\u00a0\u00bb background_size=\u00a0\u00bbinitial\u00a0\u00bb background_position=\u00a0\u00bbtop_left\u00a0\u00bb background_repeat=\u00a0\u00bbrepeat\u00a0\u00bb text_orientation=\u00a0\u00bbcenter\u00a0\u00bb custom_margin=\u00a0\u00bb10px|10px|10px|10px\u00a0\u00bb animation_style=\u00a0\u00bbslide\u00a0\u00bb animation_direction=\u00a0\u00bbright\u00a0\u00bb animation_duration=\u00a0\u00bb500ms\u00a0\u00bb animation_intensity_slide=\u00a0\u00bb10%\u00a0\u00bb box_shadow_style=\u00a0\u00bbpreset1&Prime; box_shadow_color=\u00a0\u00bbrgba(12,113,195,0.3)\u00a0\u00bb]<\/p>\n<h3><strong><span style=\"color: #000000;\">Rapidit\u00e9 :<\/span><\/strong><\/h3>\n<p>Toute intervention technique est assur\u00e9e en priorit\u00e9 sur les autres activit\u00e9s du m\u00e9tier.<br \/>\nGr\u00e2ce \u00e0 la souplesse de notre organisation, elle a lieu souvent\u00a0<strong>dans l&rsquo;heure<\/strong>\u00a0qui suit l&rsquo;appel.<br \/>\n[\/et_pb_testimonial][\/et_pb_column][et_pb_column type=\u00a0\u00bb1_2&Prime; _builder_version=\u00a0\u00bb3.0.47&Prime; parallax=\u00a0\u00bboff\u00a0\u00bb parallax_method=\u00a0\u00bbon\u00a0\u00bb][et_pb_testimonial url=\u00a0\u00bb#\u00a0\u00bb portrait_url=\u00a0\u00bbhttps:\/\/espacedetente.ovh\/wp-content\/uploads\/2018\/02\/machine-marc-3.jpg\u00a0\u00bb quote_icon=\u00a0\u00bboff\u00a0\u00bb background_color=\u00a0\u00bb#ffffff\u00a0\u00bb background_layout=\u00a0\u00bblight\u00a0\u00bb disabled_on=\u00a0\u00bboff|off|off\u00a0\u00bb admin_label=\u00a0\u00bbTestimonial\u00a0\u00bb _builder_version=\u00a0\u00bb3.0.98&Prime; body_font=\u00a0\u00bb||||||||\u00a0\u00bb body_text_align=\u00a0\u00bbcenter\u00a0\u00bb body_font_size=\u00a0\u00bb18px\u00a0\u00bb body_text_color=\u00a0\u00bb#192f5e\u00a0\u00bb background_size=\u00a0\u00bbinitial\u00a0\u00bb background_position=\u00a0\u00bbtop_left\u00a0\u00bb background_repeat=\u00a0\u00bbrepeat\u00a0\u00bb custom_margin=\u00a0\u00bb10px|10px|10px|10px\u00a0\u00bb custom_padding=\u00a0\u00bb||105px|\u00a0\u00bb animation_style=\u00a0\u00bbslide\u00a0\u00bb animation_direction=\u00a0\u00bbright\u00a0\u00bb animation_duration=\u00a0\u00bb500ms\u00a0\u00bb animation_intensity_slide=\u00a0\u00bb10%\u00a0\u00bb box_shadow_style=\u00a0\u00bbpreset1&Prime; box_shadow_color=\u00a0\u00bbrgba(224,153,0,0.3)\u00a0\u00bb]<strong>Gestion en direct :<\/strong><\/p>\n<p>La gestion est effectu\u00e9e par notre soci\u00e9t\u00e9, nous n&rsquo;avons jamais revendu de contrat \u00e0 une soci\u00e9t\u00e9 tierce.<br \/>\n[\/et_pb_testimonial][\/et_pb_column][\/et_pb_row][et_pb_row custom_margin=\u00a0\u00bb||10px|\u00a0\u00bb _builder_version=\u00a0\u00bb3.0.98&Prime; border_radii=\u00a0\u00bbon|10px|10px|10px|10px\u00a0\u00bb border_width_all=\u00a0\u00bb3px\u00a0\u00bb border_color_all=\u00a0\u00bbrgba(0,53,86,0.55)\u00a0\u00bb][et_pb_column type=\u00a0\u00bb1_3&Prime; _builder_version=\u00a0\u00bb3.0.47&Prime; parallax=\u00a0\u00bboff\u00a0\u00bb parallax_method=\u00a0\u00bbon\u00a0\u00bb][et_pb_image src=\u00a0\u00bbhttps:\/\/espacedetente.ovh\/wp-content\/uploads\/2018\/02\/espace-detente-10.jpg\u00a0\u00bb _builder_version=\u00a0\u00bb3.0.98&Prime; custom_margin=\u00a0\u00bb50px|||50px\u00a0\u00bb custom_margin_phone=\u00a0\u00bb|20px||20px\u00a0\u00bb custom_margin_last_edited=\u00a0\u00bbon|desktop\u00a0\u00bb custom_padding=\u00a0\u00bb|15px||\u00a0\u00bb animation_style=\u00a0\u00bbslide\u00a0\u00bb][\/et_pb_image][\/et_pb_column][et_pb_column type=\u00a0\u00bb2_3&Prime; _builder_version=\u00a0\u00bb3.0.47&Prime; parallax=\u00a0\u00bboff\u00a0\u00bb parallax_method=\u00a0\u00bbon\u00a0\u00bb][et_pb_text _builder_version=\u00a0\u00bb3.0.98&Prime; text_font=\u00a0\u00bb||||||||\u00a0\u00bb text_font_size=\u00a0\u00bb18px\u00a0\u00bb text_text_color=\u00a0\u00bb#192f5e\u00a0\u00bb header_font=\u00a0\u00bb||||||||\u00a0\u00bb header_text_color=\u00a0\u00bb#192f5e\u00a0\u00bb header_2_font=\u00a0\u00bb||||||||\u00a0\u00bb header_2_font_size=\u00a0\u00bb28px\u00a0\u00bb header_5_font=\u00a0\u00bb|700|||||||\u00a0\u00bb text_orientation=\u00a0\u00bbcenter\u00a0\u00bb custom_margin=\u00a0\u00bb20px|30px|20px|30px\u00a0\u00bb animation_style=\u00a0\u00bbslide\u00a0\u00bb]<\/p>\n<h1 style=\"text-align: center;\">Tarif<\/h1>\n<h4 style=\"text-align: left;\">L&#8217;emplacement choisi, notre proposition commerciale d\u00e9taillera nos prestations et tarifs.<\/h4>\n<h4 style=\"text-align: left;\">Le meilleur prix, pour la meilleure qualit\u00e9 est propos\u00e9.<\/h4>\n<h4 style=\"text-align: left;\">Il d\u00e9pend de l&rsquo;effectif pr\u00e9sent sur place et de la gamme de services.<\/h4>\n<h5 style=\"text-align: left;\"><\/h5>\n<h5 style=\"text-align: left;\"><span style=\"color: #800000;\"><span style=\"font-family: 'Comic Sans MS'; font-size: small;\">* En fonction du prix de vente, une\u00a0<strong>redevance<\/strong>\u00a0<\/span><span style=\"font-family: 'Comic Sans MS'; font-size: small;\">(ou une\u00a0<strong>r\u00e9trocession\u00a0<\/strong><\/span><span style=\"font-family: 'Comic Sans MS'; font-size: small;\">sur un pourcentage du chiffre d&rsquo;affaire) peut \u00eatre revers\u00e9e ou bien,\u00a0\u00e0 l&rsquo;inverse,<br \/>\nune\u00a0<strong>participation<\/strong>\u00a0de l&rsquo;entreprise ou l&rsquo;usage de jetons peut \u00eatre faite sur tout ou partie des produits.<\/span><\/span><span style=\"font-family: 'Comic Sans MS'; font-size: small;\"><br \/>\n<span style=\"color: #800000;\">Des journ\u00e9es gratuites peuvent \u00eatre d\u00e9finies.<\/span><\/span><\/h5>\n<p>[\/et_pb_text][\/et_pb_column][\/et_pb_row][\/et_pb_section]<\/p>\n","protected":false},"excerpt":{"rendered":"<p>[et_pb_section fb_built=\u00a0\u00bb1&Prime; _builder_version=\u00a0\u00bb3.0.47&Prime;][et_pb_row _builder_version=\u00a0\u00bb3.0.47&Prime; background_size=\u00a0\u00bbinitial\u00a0\u00bb background_position=\u00a0\u00bbtop_left\u00a0\u00bb background_repeat=\u00a0\u00bbrepeat\u00a0\u00bb][et_pb_column type=\u00a0\u00bb4_4&Prime; _builder_version=\u00a0\u00bb3.0.47&Prime; parallax=\u00a0\u00bboff\u00a0\u00bb parallax_method=\u00a0\u00bbon\u00a0\u00bb][et_pb_image src=\u00a0\u00bbhttps:\/\/espacedetente.ovh\/wp-content\/uploads\/2018\/02\/logo-cafe\u0301-12-3.png\u00a0\u00bb _builder_version=\u00a0\u00bb3.0.98&Prime;][\/et_pb_image][\/et_pb_column][\/et_pb_row][\/et_pb_section][et_pb_section fb_built=\u00a0\u00bb1&Prime; fullwidth=\u00a0\u00bbon\u00a0\u00bb _builder_version=\u00a0\u00bb3.0.47&Prime;][et_pb_fullwidth_menu menu_id=\u00a0\u00bb2&Prime; submenu_direction=\u00a0\u00bbdownwards\u00a0\u00bb fullwidth_menu=\u00a0\u00bboff\u00a0\u00bb _builder_version=\u00a0\u00bb3.0.98&Prime; menu_font_size=\u00a0\u00bb16px\u00a0\u00bb menu_text_color=\u00a0\u00bb#ffffff\u00a0\u00bb background_color=\u00a0\u00bbrgba(0,23,40,0.96)\u00a0\u00bb text_orientation=\u00a0\u00bbcenter\u00a0\u00bb custom_margin=\u00a0\u00bb10px|||\u00a0\u00bb saved_tabs=\u00a0\u00bball\u00a0\u00bb][\/et_pb_fullwidth_menu][\/et_pb_section][et_pb_section fb_built=\u00a0\u00bb1&Prime; _builder_version=\u00a0\u00bb3.0.47&Prime; custom_padding=\u00a0\u00bb43.2344px|0px|0px|0px\u00a0\u00bb][et_pb_row custom_padding=\u00a0\u00bb|||\u00a0\u00bb custom_margin=\u00a0\u00bb|||\u00a0\u00bb background_color=\u00a0\u00bb#f8f0ea\u00a0\u00bb _builder_version=\u00a0\u00bb3.0.98&Prime; box_shadow_style=\u00a0\u00bbpreset1&Prime; box_shadow_color=\u00a0\u00bb#002328&Prime;][et_pb_column type=\u00a0\u00bb4_4&Prime; _builder_version=\u00a0\u00bb3.0.47&Prime; parallax=\u00a0\u00bboff\u00a0\u00bb parallax_method=\u00a0\u00bbon\u00a0\u00bb][et_pb_text background_layout=\u00a0\u00bbdark\u00a0\u00bb _builder_version=\u00a0\u00bb3.0.98&Prime; text_font=\u00a0\u00bbEnriqueta||||||||\u00a0\u00bb text_font_size=\u00a0\u00bb28px\u00a0\u00bb text_font_size_phone=\u00a0\u00bb14px\u00a0\u00bb text_font_size_last_edited=\u00a0\u00bbon|tablet\u00a0\u00bb text_text_color=\u00a0\u00bb#f8f0ea\u00a0\u00bb text_line_height=\u00a0\u00bb1.6em\u00a0\u00bb custom_margin=\u00a0\u00bb||5px|\u00a0\u00bb custom_margin_tablet=\u00a0\u00bb5px|||\u00a0\u00bb custom_margin_last_edited=\u00a0\u00bbon|tablet\u00a0\u00bb custom_padding=\u00a0\u00bb||5px|\u00a0\u00bb custom_padding_tablet=\u00a0\u00bb||10px|\u00a0\u00bb custom_padding_last_edited=\u00a0\u00bbon|tablet\u00a0\u00bb animation_style=\u00a0\u00bbfold\u00a0\u00bb box_shadow_style=\u00a0\u00bbpreset1&Prime;] [&hellip;]<\/p>\n","protected":false},"author":1,"featured_media":0,"parent":0,"menu_order":0,"comment_status":"closed","ping_status":"closed","template":"","meta":{"footnotes":""},"class_list":["post-54","page","type-page","status-publish","hentry"],"_links":{"self":[{"href":"https:\/\/www.espacedetente.ovh\/index.php\/wp-json\/wp\/v2\/pages\/54","targetHints":{"allow":["GET"]}}],"collection":[{"href":"https:\/\/www.espacedetente.ovh\/index.php\/wp-json\/wp\/v2\/pages"}],"about":[{"href":"https:\/\/www.espacedetente.ovh\/index.php\/wp-json\/wp\/v2\/types\/page"}],"author":[{"embeddable":true,"href":"https:\/\/www.espacedetente.ovh\/index.php\/wp-json\/wp\/v2\/users\/1"}],"replies":[{"embeddable":true,"href":"https:\/\/www.espacedetente.ovh\/index.php\/wp-json\/wp\/v2\/comments?post=54"}],"version-history":[{"count":57,"href":"https:\/\/www.espacedetente.ovh\/index.php\/wp-json\/wp\/v2\/pages\/54\/revisions"}],"predecessor-version":[{"id":1685,"href":"https:\/\/www.espacedetente.ovh\/index.php\/wp-json\/wp\/v2\/pages\/54\/revisions\/1685"}],"wp:attachment":[{"href":"https:\/\/www.espacedetente.ovh\/index.php\/wp-json\/wp\/v2\/media?parent=54"}],"curies":[{"name":"wp","href":"https:\/\/api.w.org\/{rel}","templated":true}]}}