{"id":56,"date":"2018-01-26T17:36:28","date_gmt":"2018-01-26T16:36:28","guid":{"rendered":"http:\/\/espacedetente.ovh\/?page_id=56"},"modified":"2021-07-05T20:52:45","modified_gmt":"2021-07-05T18:52:45","slug":"vente-locationsav-entretien-fournitures","status":"publish","type":"page","link":"https:\/\/www.espacedetente.ovh\/index.php\/vente-locationsav-entretien-fournitures\/","title":{"rendered":"Produits : Caf\u00e9, boissons,confiseries"},"content":{"rendered":"<p>[et_pb_section bb_built=\u00a0\u00bb1&Prime; _builder_version=\u00a0\u00bb3.0.47&Prime;][et_pb_row _builder_version=\u00a0\u00bb3.0.47&Prime; background_size=\u00a0\u00bbinitial\u00a0\u00bb background_position=\u00a0\u00bbtop_left\u00a0\u00bb background_repeat=\u00a0\u00bbrepeat\u00a0\u00bb][et_pb_column type=\u00a0\u00bb4_4&Prime;][et_pb_image src=\u00a0\u00bbhttps:\/\/espacedetente.ovh\/wp-content\/uploads\/2018\/02\/logo-cafe\u0301-12-3.png\u00a0\u00bb _builder_version=\u00a0\u00bb3.0.98&Prime; \/][\/et_pb_column][\/et_pb_row][\/et_pb_section][et_pb_section bb_built=\u00a0\u00bb1&Prime; background_color=\u00a0\u00bb#021b2d\u00a0\u00bb _builder_version=\u00a0\u00bb3.0.98&Prime; custom_margin=\u00a0\u00bb|||\u00a0\u00bb custom_padding=\u00a0\u00bb0px|0px|10px|0px\u00a0\u00bb][et_pb_row custom_padding=\u00a0\u00bb|||\u00a0\u00bb custom_margin=\u00a0\u00bb20px||5px|\u00a0\u00bb background_color=\u00a0\u00bbrgba(255,255,255,0)\u00a0\u00bb _builder_version=\u00a0\u00bb3.0.98&Prime; background_size=\u00a0\u00bbinitial\u00a0\u00bb background_position=\u00a0\u00bbtop_left\u00a0\u00bb background_repeat=\u00a0\u00bbrepeat\u00a0\u00bb][et_pb_column type=\u00a0\u00bb4_4&Prime;][et_pb_text _builder_version=\u00a0\u00bb3.0.98&Prime; text_font=\u00a0\u00bb||||||||\u00a0\u00bb text_font_size=\u00a0\u00bb19px\u00a0\u00bb text_text_color=\u00a0\u00bb#002956&Prime; text_line_height=\u00a0\u00bb1.8em\u00a0\u00bb background_color=\u00a0\u00bb#ffffff\u00a0\u00bb border_radii=\u00a0\u00bbon|10px|10px|10px|10px\u00a0\u00bb text_orientation=\u00a0\u00bbcenter\u00a0\u00bb custom_margin=\u00a0\u00bb|||20px\u00a0\u00bb custom_padding=\u00a0\u00bb20px|20px|20px|20px\u00a0\u00bb animation_style=\u00a0\u00bbslide\u00a0\u00bb box_shadow_style=\u00a0\u00bbpreset6&Prime; box_shadow_spread=\u00a0\u00bb4px\u00a0\u00bb box_shadow_color=\u00a0\u00bbrgba(45,22,0,0.3)\u00a0\u00bb]<\/p>\n<p style=\"text-align: center;\">Des produits de marque, sans limitation de choix, s\u00e9lectionn\u00e9s pour leur qualit\u00e9 avant tout. Nous ne tentons pas de tirer sur les dosages. <strong>Nous estimons que la qualit\u00e9 est essentielle pour satisfaire nos clients<\/strong>. Le juste milieu est le haut de gamme.<\/p>\n<p style=\"text-align: center;\">Pour une diff\u00e9rence de prix de revient toute relative des produits de d\u00e9part, mieux vaut offrir le meilleur rapport qualit\u00e9 prix au final. Nous travaillons avec de grande marque comme Nestl\u00e9, Lipton, Van Houten ou pour les challengers lorsque les produits sont bon.<\/p>\n<p><span style=\"font-family: 'Comic Sans MS'; font-size: medium;\">Voici une liste non exhaustive, mais assez compl\u00e8te, donnant une id\u00e9e des produits que nous distribuons.<\/span><br \/>\n[\/et_pb_text][\/et_pb_column][\/et_pb_row][\/et_pb_section][et_pb_section bb_built=\u00a0\u00bb1&Prime; background_color=\u00a0\u00bb#021526&Prime; _builder_version=\u00a0\u00bb3.0.98&Prime; custom_padding=\u00a0\u00bb0px|0px|0px|0px\u00a0\u00bb][et_pb_row background_color=\u00a0\u00bbrgba(25,19,0,0)\u00a0\u00bb _builder_version=\u00a0\u00bb3.0.98&Prime; border_radii=\u00a0\u00bbon|10px|10px|10px|10px\u00a0\u00bb border_color_all=\u00a0\u00bbrgba(51,51,51,0)\u00a0\u00bb][et_pb_column type=\u00a0\u00bb1_3&Prime;][et_pb_image src=\u00a0\u00bbhttps:\/\/espacedetente.ovh\/wp-content\/uploads\/2018\/02\/coffee-2306471_640.jpg\u00a0\u00bb _builder_version=\u00a0\u00bb3.0.98&Prime; custom_margin=\u00a0\u00bb20px|20px|20px|20px\u00a0\u00bb \/][et_pb_image src=\u00a0\u00bbhttps:\/\/espacedetente.ovh\/wp-content\/uploads\/2018\/01\/background-20486_1920.jpg\u00a0\u00bb _builder_version=\u00a0\u00bb3.0.98&Prime; custom_margin=\u00a0\u00bb20px|20px|20px|20px\u00a0\u00bb \/][\/et_pb_column][et_pb_column type=\u00a0\u00bb2_3&Prime;][et_pb_blurb title=\u00a0\u00bbBoissons chaudes : \u00a0\u00bb background_layout=\u00a0\u00bbdark\u00a0\u00bb _builder_version=\u00a0\u00bb3.0.98&Prime; header_font=\u00a0\u00bb||||||||\u00a0\u00bb header_font_size=\u00a0\u00bb34px\u00a0\u00bb header_text_color=\u00a0\u00bb#ffffff\u00a0\u00bb header_letter_spacing=\u00a0\u00bb2px\u00a0\u00bb header_line_height=\u00a0\u00bb1.5em\u00a0\u00bb border_width_all=\u00a0\u00bb2px\u00a0\u00bb border_color_all=\u00a0\u00bb#87a5bf\u00a0\u00bb text_orientation=\u00a0\u00bbcenter\u00a0\u00bb custom_margin=\u00a0\u00bb20px|||\u00a0\u00bb custom_padding=\u00a0\u00bb15px|||\u00a0\u00bb \/][et_pb_text _builder_version=\u00a0\u00bb3.0.98&Prime; text_font_size=\u00a0\u00bb16px\u00a0\u00bb text_text_color=\u00a0\u00bb#002956&Prime; background_color=\u00a0\u00bb#ffffff\u00a0\u00bb border_radii=\u00a0\u00bbon|1px|1px|1px|1px\u00a0\u00bb custom_margin=\u00a0\u00bb||30px|\u00a0\u00bb custom_padding=\u00a0\u00bb20px|20px|20px|30px\u00a0\u00bb box_shadow_style=\u00a0\u00bbpreset1&Prime;]<\/p>\n<ul class=\"ul1\">\n<li class=\"li1\">\n<h5><span class=\"s3\">Caf\u00e9 :<\/span><span class=\"s2\">\u00a0\u00a0<\/span><span class=\"s4\"><b>&#8211; Caf\u00e9 grain:<\/b>\u00a0<\/span><\/h5>\n<\/li>\n<li class=\"li2\">\n<h5><span class=\"s4\">Moulu au fur et \u00e0 mesure, tasse par tasse.<\/span><\/h5>\n<\/li>\n<li class=\"li2\">\n<h5><span class=\"s4\">Pr\u00e9paration environ trois fois moins rapide (d\u00e9conseill\u00e9 dans les sites \u00e0 fortes pointes d&rsquo;affluence).<\/span><\/h5>\n<\/li>\n<li class=\"li2\">\n<h5><span class=\"s4\">Marques : <strong>Maison du caf\u00e9<\/strong> (L&rsquo;Or et D\u00e9gustation), <strong>Jacques Vabre<\/strong>, <strong>caf\u00e9 Taine<\/strong>&#8230;<\/span><\/h5>\n<\/li>\n<li class=\"li1\">\n<h5><span class=\"s2\"><strong>Caf\u00e9 \u00e9quitable Max Haavelar<\/strong> :\u00a0<\/span><span class=\"s4\"><b>&#8211; Caf\u00e9 instantan\u00e9 <\/b>(lyophilis\u00e9)<b> 100% arabica:<\/b>\u00a0<\/span><\/h5>\n<\/li>\n<li class=\"li2\">\n<h5><span class=\"s4\">Meilleure conservation, plus rapide et plus doux.<\/span><\/h5>\n<\/li>\n<li class=\"li2\">\n<h5><span class=\"s4\">Vrai caf\u00e9 tout comme l&rsquo;est le caf\u00e9 grain.\u00a0<\/span><\/h5>\n<\/li>\n<li class=\"li2\">\n<h5><span class=\"s4\">Produit \u00e0 partir de caf\u00e9 et uniquement de caf\u00e9.<\/span><\/h5>\n<\/li>\n<li class=\"li2\">\n<h5><span class=\"s4\"><strong>Nescaf\u00e9<\/strong> leader tant en qualit\u00e9 qu&rsquo;en vari\u00e9t\u00e9.\u00a0<\/span><\/h5>\n<\/li>\n<li class=\"li2\">\n<h5><span class=\"s4\">Variantes de caf\u00e9 selon les mod\u00e8les: caf\u00e9 sucr\u00e9, caf\u00e9 au lait, caf\u00e9 cr\u00e8me&#8230;<\/span><\/h5>\n<\/li>\n<li class=\"li2\">\n<h5><strong><span class=\"s4\">Caf\u00e9 d\u00e9caf\u00e9in\u00e9<\/span><\/strong><\/h5>\n<\/li>\n<li class=\"li2\">\n<h5><span class=\"s4\">Cappuccino (caf\u00e9 et chocolat avec une pointe de lait)<\/span><\/h5>\n<\/li>\n<li class=\"li2\">\n<h5><span class=\"s4\">&#8211; Moccaccino (comme le cappuccino mais avec plus de caf\u00e9)<\/span><\/h5>\n<h5><span class=\"s4\">&#8211; <strong>Caf\u00e9 noisette<\/strong> (d\u00e9licieuse pr\u00e9paration proche du cappuccino)\u00a0<\/span><\/h5>\n<h5><span class=\"s4\">&#8211; <strong>Caf\u00e9 vanille<\/strong>\u00a0<\/span><\/h5>\n<h5><span class=\"s4\">&#8211; <strong>Boisson<\/strong>\u00a0<strong>cacao ou chocolat : Van Houten<\/strong><\/span><\/h5>\n<\/li>\n<li class=\"li2\">\n<h5><span class=\"s4\"><strong>Th\u00e9<\/strong> : th\u00e9 nature instantan\u00e9, th\u00e9 citron <strong>Nestea<\/strong>, th\u00e9 menthe <strong>Lipton<\/strong>\u00a0<\/span><\/h5>\n<\/li>\n<li class=\"li2\">\n<h5><span class=\"s4\">&#8211; <strong>Potage Knorr<\/strong> : tomate basilic ou potage sept l\u00e9gumes <\/span><\/h5>\n<\/li>\n<li class=\"li2\">\n<h5><span class=\"s4\">&#8211; <strong>Recettes originales<\/strong> \u00e0 base des produits pr\u00e9c\u00e9dents : cappuccino et expresso noisette ou vanille, <strong>chocolat menthe<\/strong>&#8230;\u00a0<\/span><\/h5>\n<\/li>\n<li class=\"li2\">\n<h5><span class=\"s4\">Boissons en gobelets pr\u00e9dos\u00e9s en compl\u00e9ment pour les petites machines<\/span><\/h5>\n<\/li>\n<\/ul>\n<p>[\/et_pb_text][\/et_pb_column][\/et_pb_row][\/et_pb_section][et_pb_section bb_built=\u00a0\u00bb1&Prime; background_color=\u00a0\u00bb#021628&Prime; _builder_version=\u00a0\u00bb3.0.98&Prime; custom_padding=\u00a0\u00bb0px|0px|0px|0px\u00a0\u00bb][et_pb_row background_color=\u00a0\u00bbrgba(25,19,0,0)\u00a0\u00bb _builder_version=\u00a0\u00bb3.0.98&Prime; border_radii=\u00a0\u00bbon|10px|10px|10px|10px\u00a0\u00bb border_color_all=\u00a0\u00bbrgba(51,51,51,0)\u00a0\u00bb][et_pb_column type=\u00a0\u00bb1_3&Prime;][et_pb_image src=\u00a0\u00bbhttps:\/\/espacedetente.ovh\/wp-content\/uploads\/2018\/02\/coca-cola-1573554_640.jpg\u00a0\u00bb _builder_version=\u00a0\u00bb3.0.98&Prime; custom_margin=\u00a0\u00bb20px|20px|20px|20px\u00a0\u00bb custom_padding=\u00a0\u00bb|||\u00a0\u00bb \/][\/et_pb_column][et_pb_column type=\u00a0\u00bb2_3&Prime;][et_pb_blurb title=\u00a0\u00bbBoissons fra\u00eeches :\u00a0\u00bb background_layout=\u00a0\u00bbdark\u00a0\u00bb _builder_version=\u00a0\u00bb3.0.98&Prime; header_font=\u00a0\u00bb||||||||\u00a0\u00bb header_font_size=\u00a0\u00bb31px\u00a0\u00bb header_text_color=\u00a0\u00bb#ffffff\u00a0\u00bb header_letter_spacing=\u00a0\u00bb2px\u00a0\u00bb header_line_height=\u00a0\u00bb1.5em\u00a0\u00bb border_width_all=\u00a0\u00bb2px\u00a0\u00bb border_color_all=\u00a0\u00bb#87a5bf\u00a0\u00bb text_orientation=\u00a0\u00bbcenter\u00a0\u00bb custom_margin=\u00a0\u00bb18px|||\u00a0\u00bb custom_padding=\u00a0\u00bb15px|||\u00a0\u00bb \/][et_pb_text _builder_version=\u00a0\u00bb3.0.98&Prime; text_font_size=\u00a0\u00bb16px\u00a0\u00bb text_text_color=\u00a0\u00bb#002956&Prime; background_color=\u00a0\u00bb#ffffff\u00a0\u00bb border_radii=\u00a0\u00bbon|1px|1px|1px|1px\u00a0\u00bb custom_margin=\u00a0\u00bb||30px|\u00a0\u00bb custom_padding=\u00a0\u00bb20px|20px|1px|30px\u00a0\u00bb box_shadow_style=\u00a0\u00bbpreset1&Prime;]<\/p>\n<h5 class=\"p1\"><span class=\"s1\">Boissons fra\u00eeches (principalement en canette de 33cl):<\/span><span class=\"s2\"><br \/>\nUne grande vari\u00e9t\u00e9 de canettes sans limitation de marque.<br \/>\n&#8211; <strong>Coca Cola,\u00a0<\/strong><strong>Coca Cola light, Coca Z\u00e9ro -Pepsi, Pepsi Max &#8211; Lipton Ice Tea P\u00eache\u00a0<\/strong><\/span><span class=\"s3\"><br \/>\n<\/span><span class=\"s2\">&#8211; <strong>Fanta Orange,\u00a0<\/strong><\/span><span class=\"s2\"><strong>Fanta Citron &#8211; Nestea p\u00eache\u00a0<\/strong><\/span><span class=\"s2\"><strong>&#8211; Perrier\u00a0<\/strong><\/span><\/h5>\n<h5 class=\"p1\"><span class=\"s2\"><strong>&#8211; Jus de fruits 100% pur jus de fruit (Spring Valley jus d&rsquo;orange,\u00a0jus de pomme, jus d&rsquo;ananas)\u00a0&#8211;\u00a0\u00a0Spring Valley exotic\u00a0\u00a0&#8211; Minute Maid Orange, Tropical<\/strong><br \/>\n<strong>&#8211; Orangina<\/strong><br \/>\n<strong>&#8211; Schweppes Agrum&rsquo;<\/strong><br \/>\n<strong>&#8211; Oasis\u00a0&#8211; 7up\u00a0&#8211; 7up Mojito<\/strong>\u00a0&#8211; Eau <strong>Cristaline<\/strong>\u00a0bouteille\u00a050cl\u00a0&#8211; Eau <strong>Cristaline<\/strong> gazeuse\u00a0bouteille\u00a050cl<\/span><\/h5>\n<p>[\/et_pb_text][\/et_pb_column][\/et_pb_row][\/et_pb_section][et_pb_section bb_built=\u00a0\u00bb1&Prime; background_color=\u00a0\u00bb#021b2d\u00a0\u00bb _builder_version=\u00a0\u00bb3.0.98&Prime; custom_padding=\u00a0\u00bb0px|0px|0px|0px\u00a0\u00bb][et_pb_row background_color=\u00a0\u00bbrgba(25,19,0,0)\u00a0\u00bb _builder_version=\u00a0\u00bb3.0.98&Prime; border_radii=\u00a0\u00bbon|10px|10px|10px|10px\u00a0\u00bb border_color_all=\u00a0\u00bbrgba(51,51,51,0)\u00a0\u00bb][et_pb_column type=\u00a0\u00bb1_3&Prime;][et_pb_image src=\u00a0\u00bbhttps:\/\/espacedetente.ovh\/wp-content\/uploads\/2018\/02\/candy-bar-1735569_640.jpg\u00a0\u00bb _builder_version=\u00a0\u00bb3.0.98&Prime; custom_margin=\u00a0\u00bb20px|20px|20px|20px\u00a0\u00bb \/][et_pb_image src=\u00a0\u00bbhttps:\/\/espacedetente.ovh\/wp-content\/uploads\/2018\/02\/waffles-1262435_640.jpg\u00a0\u00bb _builder_version=\u00a0\u00bb3.0.98&Prime; custom_margin=\u00a0\u00bb20px|20px|20px|20px\u00a0\u00bb \/][et_pb_image src=\u00a0\u00bbhttps:\/\/espacedetente.ovh\/wp-content\/uploads\/2018\/02\/bake-1238679_640.jpg\u00a0\u00bb _builder_version=\u00a0\u00bb3.0.98&Prime; custom_margin=\u00a0\u00bb20px|20px|20px|20px\u00a0\u00bb \/][\/et_pb_column][et_pb_column type=\u00a0\u00bb2_3&Prime;][et_pb_blurb title=\u00a0\u00bbAlimentation d&rsquo;appoint :\u00a0\u00bb background_layout=\u00a0\u00bbdark\u00a0\u00bb _builder_version=\u00a0\u00bb3.0.98&Prime; header_font=\u00a0\u00bb||||||||\u00a0\u00bb header_font_size=\u00a0\u00bb34px\u00a0\u00bb header_text_color=\u00a0\u00bb#ffffff\u00a0\u00bb header_letter_spacing=\u00a0\u00bb2px\u00a0\u00bb header_line_height=\u00a0\u00bb1.5em\u00a0\u00bb border_width_all=\u00a0\u00bb2px\u00a0\u00bb border_color_all=\u00a0\u00bb#87a5bf\u00a0\u00bb text_orientation=\u00a0\u00bbcenter\u00a0\u00bb custom_margin=\u00a0\u00bb20px|||\u00a0\u00bb custom_padding=\u00a0\u00bb15px|||\u00a0\u00bb \/][et_pb_text _builder_version=\u00a0\u00bb3.0.98&Prime; text_font_size=\u00a0\u00bb16px\u00a0\u00bb text_text_color=\u00a0\u00bb#002956&Prime; background_color=\u00a0\u00bb#ffffff\u00a0\u00bb border_radii=\u00a0\u00bbon|1px|1px|1px|1px\u00a0\u00bb custom_margin=\u00a0\u00bb||5px|\u00a0\u00bb custom_padding=\u00a0\u00bb20px|20px||30px\u00a0\u00bb box_shadow_style=\u00a0\u00bbpreset1&Prime;]<\/p>\n<ul class=\"ul1\">\n<li class=\"li1\">\n<h5><strong><span class=\"s2\">Confiseries:<\/span><\/strong><span class=\"s3\"><br \/>\nNous effectuons dans nos confiseurs, une rotation des snacks afin d&rsquo;offrir <strong>fr\u00e9quemment des nouveaut\u00e9s<\/strong>.<br \/>\nL&rsquo;assortiment est adapt\u00e9 en fonction de la client\u00e8le et de ses go\u00fbts.\u00a0<\/span><\/h5>\n<h5><span class=\"s3\">&#8211; <strong>Twix<\/strong>,\u00a0<\/span><span class=\"s3\"><strong>Kinder Bueno<\/strong>, Kinder Bueno White, Kinder D\u00e9lice, Lion<br \/>\n&#8211; <strong>Kit kat, Mars<\/strong><br \/>\n&#8211; <strong>M&amp;M&rsquo;S<\/strong>, Nuts<br \/>\n&#8211; Skittles, Cacahu\u00e8tes sal\u00e9es, Mr Tom<br \/>\n&#8211; Balisto, Sundy<br \/>\n&#8211; Bounty<br \/>\n&#8211; <strong>Snickers, Crunch<\/strong><br \/>\n&#8211; <strong>Haribo<\/strong> Tagada, Dragibus, frites&#8230;<br \/>\n&#8211; <strong>Chips<\/strong> ( <strong>Flodor, Vico<\/strong>&#8230;)<br \/>\n&#8211; Chewing gum<br \/>\n&#8211; <strong>Bonbons<\/strong><br \/>\n&#8211; <strong>Compotes Bio<\/strong> de pomme \/poire \/ fraise<\/span><\/h5>\n<\/li>\n<li class=\"li1\">\n<h5><strong><span class=\"s2\">G\u00e2teaux :\u00a0<\/span><\/strong><\/h5>\n<h5><span class=\"s3\">&#8211; Galettes frangipane<br \/>\n&#8211; <strong>Ker Kadelac\u00a0<\/strong>: nature, chocolat, framboise, banane raisin&#8230;<br \/>\n&#8211; <strong>Madeleines Saint Michel<\/strong><br \/>\n&#8211; Amandines, lingots<br \/>\n&#8211; Muffins, <strong>Brownies<\/strong>, Cookies<br \/>\n&#8211; <strong>Cakes,\u00a0<\/strong><\/span><span class=\"s3\">Fondant<\/span><span class=\"s3\">\u00a0<\/span><span class=\"s3\"><br \/>\n&#8211;\u00a0Tartelettes<br \/>\n<strong>&#8211; Gaufres<\/strong><br \/>\n&#8211; Petit-beurre et palets bretons &#8211; Marbr\u00e9\u00a0&#8211; Madelons\u00a0&#8211; <strong>Gerbl\u00e9<\/strong><\/span><\/h5>\n<p><span class=\"s5\">\u00a0<\/span><\/li>\n<\/ul>\n<p>[\/et_pb_text][\/et_pb_column][\/et_pb_row][\/et_pb_section][et_pb_section bb_built=\u00a0\u00bb1&Prime; background_color=\u00a0\u00bb#02182b\u00a0\u00bb _builder_version=\u00a0\u00bb3.0.98&Prime; custom_padding=\u00a0\u00bb0px|0px|0px|0px\u00a0\u00bb][et_pb_row background_color=\u00a0\u00bbrgba(25,19,0,0)\u00a0\u00bb _builder_version=\u00a0\u00bb3.0.98&Prime; border_radii=\u00a0\u00bbon|10px|10px|10px|10px\u00a0\u00bb border_color_all=\u00a0\u00bbrgba(51,51,51,0)\u00a0\u00bb][et_pb_column type=\u00a0\u00bb1_3&Prime;][et_pb_image src=\u00a0\u00bbhttps:\/\/espacedetente.ovh\/wp-content\/uploads\/2018\/02\/bread-1239276_640.jpg\u00a0\u00bb _builder_version=\u00a0\u00bb3.0.98&Prime; custom_margin=\u00a0\u00bb20px|20px|20px|20px\u00a0\u00bb \/][et_pb_image src=\u00a0\u00bbhttps:\/\/espacedetente.ovh\/wp-content\/uploads\/2018\/02\/croissant-2346528_640.jpg\u00a0\u00bb _builder_version=\u00a0\u00bb3.0.98&Prime; custom_margin=\u00a0\u00bb20px|20px|20px|20px\u00a0\u00bb \/][et_pb_image src=\u00a0\u00bbhttps:\/\/espacedetente.ovh\/wp-content\/uploads\/2018\/02\/apple-17092_640.jpg\u00a0\u00bb _builder_version=\u00a0\u00bb3.0.98&Prime; custom_margin=\u00a0\u00bb20px|20px|20px|20px\u00a0\u00bb \/][\/et_pb_column][et_pb_column type=\u00a0\u00bb2_3&Prime;][et_pb_blurb title=\u00a0\u00bbProduits frais :\u00a0\u00bb background_layout=\u00a0\u00bbdark\u00a0\u00bb _builder_version=\u00a0\u00bb3.0.98&Prime; header_font=\u00a0\u00bb||||||||\u00a0\u00bb header_font_size=\u00a0\u00bb31px\u00a0\u00bb header_text_color=\u00a0\u00bb#ffffff\u00a0\u00bb header_letter_spacing=\u00a0\u00bb2px\u00a0\u00bb header_line_height=\u00a0\u00bb1.5em\u00a0\u00bb border_width_all=\u00a0\u00bb2px\u00a0\u00bb border_color_all=\u00a0\u00bb#87a5bf\u00a0\u00bb text_orientation=\u00a0\u00bbcenter\u00a0\u00bb custom_margin=\u00a0\u00bb20px|||\u00a0\u00bb custom_padding=\u00a0\u00bb15px|||\u00a0\u00bb \/][et_pb_text _builder_version=\u00a0\u00bb3.0.98&Prime; text_font_size=\u00a0\u00bb16px\u00a0\u00bb text_text_color=\u00a0\u00bb#002956&Prime; background_color=\u00a0\u00bb#ffffff\u00a0\u00bb border_radii=\u00a0\u00bbon|1px|1px|1px|1px\u00a0\u00bb custom_margin=\u00a0\u00bb||20px|\u00a0\u00bb custom_padding=\u00a0\u00bb20px|20px|45px|30px\u00a0\u00bb box_shadow_style=\u00a0\u00bbpreset1&Prime;]<\/p>\n<h5><span class=\"s3\"><strong>Sandwichs triangle club<\/strong> : pain complet\/bun&rsquo;s hamburgers\/sandwichs longs multi-c\u00e9r\u00e9ales\/pain viennois:<\/span><span class=\"s1\">\u00a0<\/span><\/h5>\n<h5><span class=\"s4\">&#8211; Crudit\u00e9s,\u00a0<\/span><span class=\"s4\">Campagnard,\u00a0<\/span><span class=\"s1\">Kebab, Emmental, Jambon Fromage,<br \/>\n&#8211; Rosette<br \/>\n&#8211; R\u00f4ti de porc<br \/>\n&#8211; Surimi<br \/>\n&#8211; Thon mayonnaise, Thon \u00e0 l&rsquo;italienne<br \/>\n&#8211; Poulet mayonnaise, Poulet Curry, Poulet Mexicain,\u00a0<\/span><span class=\"s1\">Poulet hallal<\/span><\/h5>\n<h5><span class=\"s1\">&#8211;\u00a0<\/span><span class=\"s3\">P\u00e2tisserie\/viennoiserie:<\/span><span class=\"s1\"><br \/>\n&#8211; Pain au chocolat<br \/>\n&#8211; Croissant pur beurre<br \/>\n<\/span><span class=\"s1\">&#8211; Salades de fruits \/ salades compos\u00e9es<\/span><\/h5>\n<p>[\/et_pb_text][\/et_pb_column][\/et_pb_row][\/et_pb_section]<\/p>\n","protected":false},"excerpt":{"rendered":"<p>[et_pb_section bb_built=\u00a0\u00bb1&Prime; _builder_version=\u00a0\u00bb3.0.47&Prime;][et_pb_row _builder_version=\u00a0\u00bb3.0.47&Prime; background_size=\u00a0\u00bbinitial\u00a0\u00bb background_position=\u00a0\u00bbtop_left\u00a0\u00bb background_repeat=\u00a0\u00bbrepeat\u00a0\u00bb][et_pb_column type=\u00a0\u00bb4_4&Prime;][et_pb_image src=\u00a0\u00bbhttps:\/\/espacedetente.ovh\/wp-content\/uploads\/2018\/02\/logo-cafe\u0301-12-3.png\u00a0\u00bb _builder_version=\u00a0\u00bb3.0.98&Prime; \/][\/et_pb_column][\/et_pb_row][\/et_pb_section][et_pb_section bb_built=\u00a0\u00bb1&Prime; background_color=\u00a0\u00bb#021b2d\u00a0\u00bb _builder_version=\u00a0\u00bb3.0.98&Prime; custom_margin=\u00a0\u00bb|||\u00a0\u00bb custom_padding=\u00a0\u00bb0px|0px|10px|0px\u00a0\u00bb][et_pb_row custom_padding=\u00a0\u00bb|||\u00a0\u00bb custom_margin=\u00a0\u00bb20px||5px|\u00a0\u00bb background_color=\u00a0\u00bbrgba(255,255,255,0)\u00a0\u00bb _builder_version=\u00a0\u00bb3.0.98&Prime; background_size=\u00a0\u00bbinitial\u00a0\u00bb background_position=\u00a0\u00bbtop_left\u00a0\u00bb background_repeat=\u00a0\u00bbrepeat\u00a0\u00bb][et_pb_column type=\u00a0\u00bb4_4&Prime;][et_pb_text _builder_version=\u00a0\u00bb3.0.98&Prime; text_font=\u00a0\u00bb||||||||\u00a0\u00bb text_font_size=\u00a0\u00bb19px\u00a0\u00bb text_text_color=\u00a0\u00bb#002956&Prime; text_line_height=\u00a0\u00bb1.8em\u00a0\u00bb background_color=\u00a0\u00bb#ffffff\u00a0\u00bb border_radii=\u00a0\u00bbon|10px|10px|10px|10px\u00a0\u00bb text_orientation=\u00a0\u00bbcenter\u00a0\u00bb custom_margin=\u00a0\u00bb|||20px\u00a0\u00bb custom_padding=\u00a0\u00bb20px|20px|20px|20px\u00a0\u00bb animation_style=\u00a0\u00bbslide\u00a0\u00bb box_shadow_style=\u00a0\u00bbpreset6&Prime; box_shadow_spread=\u00a0\u00bb4px\u00a0\u00bb box_shadow_color=\u00a0\u00bbrgba(45,22,0,0.3)\u00a0\u00bb] Des produits de marque, sans limitation de choix, s\u00e9lectionn\u00e9s pour leur qualit\u00e9 avant tout. Nous ne tentons [&hellip;]<\/p>\n","protected":false},"author":1,"featured_media":0,"parent":0,"menu_order":0,"comment_status":"closed","ping_status":"closed","template":"","meta":{"footnotes":""},"class_list":["post-56","page","type-page","status-publish","hentry"],"_links":{"self":[{"href":"https:\/\/www.espacedetente.ovh\/index.php\/wp-json\/wp\/v2\/pages\/56","targetHints":{"allow":["GET"]}}],"collection":[{"href":"https:\/\/www.espacedetente.ovh\/index.php\/wp-json\/wp\/v2\/pages"}],"about":[{"href":"https:\/\/www.espacedetente.ovh\/index.php\/wp-json\/wp\/v2\/types\/page"}],"author":[{"embeddable":true,"href":"https:\/\/www.espacedetente.ovh\/index.php\/wp-json\/wp\/v2\/users\/1"}],"replies":[{"embeddable":true,"href":"https:\/\/www.espacedetente.ovh\/index.php\/wp-json\/wp\/v2\/comments?post=56"}],"version-history":[{"count":64,"href":"https:\/\/www.espacedetente.ovh\/index.php\/wp-json\/wp\/v2\/pages\/56\/revisions"}],"predecessor-version":[{"id":1715,"href":"https:\/\/www.espacedetente.ovh\/index.php\/wp-json\/wp\/v2\/pages\/56\/revisions\/1715"}],"wp:attachment":[{"href":"https:\/\/www.espacedetente.ovh\/index.php\/wp-json\/wp\/v2\/media?parent=56"}],"curies":[{"name":"wp","href":"https:\/\/api.w.org\/{rel}","templated":true}]}}