{"id":66,"date":"2018-01-26T17:40:27","date_gmt":"2018-01-26T16:40:27","guid":{"rendered":"http:\/\/espacedetente.ovh\/?page_id=66"},"modified":"2020-11-22T20:34:38","modified_gmt":"2020-11-22T19:34:38","slug":"lien","status":"publish","type":"page","link":"https:\/\/www.espacedetente.ovh\/index.php\/lien\/","title":{"rendered":"Lien"},"content":{"rendered":"<p>[et_pb_section bb_built=\u00a0\u00bb1&Prime;][et_pb_row][et_pb_column type=\u00a0\u00bb4_4&Prime;][et_pb_text]<\/p>\r\n<p align=\"center\"><span style=\"font-family: 'Comic Sans MS'; font-size: small;\"><strong>Envie d&rsquo;en savoir plus ?<\/strong><\/span><\/p>\r\n<p align=\"center\"><span style=\"font-family: 'Comic Sans MS'; font-size: small;\"><strong>N&rsquo;h\u00e9sitez pas \u00e0 nous contacter par mail ou par t\u00e9l\u00e9phone.<\/strong><\/span><\/p>\r\n<p align=\"center\"><span style=\"font-family: 'Comic Sans MS'; font-size: small;\"><strong><span style=\"font-size: xx-small;\">01 48 68 09 23<\/span><\/strong><\/span><\/p>\r\n<p align=\"center\"><span style=\"font-family: 'Comic Sans MS'; font-size: small;\"><strong><span style=\"font-size: xx-small;\">06 14 69 33 63<\/span><\/strong><\/span><\/p>\r\n<p align=\"center\"><span style=\"font-family: 'Comic Sans MS'; font-size: small;\"><strong>Nous nous ferons un plaisir de r\u00e9pondre \u00e0 vos questions.<\/strong><\/span><\/p>\r\n<p align=\"center\"><a href=\"mailto:info@espacedetente.com\"><span style=\"color: #080899; font-family: 'Comic Sans MS'; font-size: large;\"><strong>info@espacedetente.com<\/strong><\/span><\/a><\/p>\r\n<p align=\"center\"><a href=\"https:\/\/www.espacedetente.ovh\/wp-content\/uploads\/2020\/11\/logoemail.gif\"><img loading=\"lazy\" decoding=\"async\" class=\"alignnone\" src=\"https:\/\/www.espacedetente.ovh\/logoemail.gif\" alt=\"enveloppe\" width=\"128\" height=\"96\" align=\"middle\" \/><\/a><\/p>\r\n<p align=\"center\"><span style=\"font-family: 'Comic Sans MS'; font-size: small;\"><strong>N&rsquo;oubliez pas de mentionner vos coordonn\u00e9es <\/strong><\/span><span style=\"font-family: 'Comic Sans MS'; font-size: small;\"><strong>et de v\u00e9rifier l&rsquo;adresse mail<\/strong><\/span><\/p>\r\n<p align=\"center\"><span style=\"color: #ff0000; font-family: 'Comic Sans MS'; font-size: small;\"><strong>IMPORTANT<\/strong><\/span><span style=\"font-family: 'Comic Sans MS'; font-size: small;\"><strong>&#8230;Nous livrons uniquement en r\u00e9gion parisienne&#8230;<\/strong><\/span><\/p>\r\n\r\n<p>[\/et_pb_text][\/et_pb_column][\/et_pb_row][\/et_pb_section]<\/p>","protected":false},"excerpt":{"rendered":"<p>[et_pb_section bb_built=\u00a0\u00bb1&Prime;][et_pb_row][et_pb_column type=\u00a0\u00bb4_4&Prime;][et_pb_text] Envie d&rsquo;en savoir plus ? N&rsquo;h\u00e9sitez pas \u00e0 nous contacter par mail ou par t\u00e9l\u00e9phone. 01 48 68 09 23 06 14 69 33 63 Nous nous ferons un plaisir de r\u00e9pondre \u00e0 vos questions. info@espacedetente.com N&rsquo;oubliez pas de mentionner vos coordonn\u00e9es et de v\u00e9rifier l&rsquo;adresse mail IMPORTANT&#8230;Nous livrons uniquement en r\u00e9gion [&hellip;]<\/p>\n","protected":false},"author":1,"featured_media":0,"parent":0,"menu_order":0,"comment_status":"closed","ping_status":"closed","template":"","meta":{"footnotes":""},"class_list":["post-66","page","type-page","status-publish","hentry"],"_links":{"self":[{"href":"https:\/\/www.espacedetente.ovh\/index.php\/wp-json\/wp\/v2\/pages\/66","targetHints":{"allow":["GET"]}}],"collection":[{"href":"https:\/\/www.espacedetente.ovh\/index.php\/wp-json\/wp\/v2\/pages"}],"about":[{"href":"https:\/\/www.espacedetente.ovh\/index.php\/wp-json\/wp\/v2\/types\/page"}],"author":[{"embeddable":true,"href":"https:\/\/www.espacedetente.ovh\/index.php\/wp-json\/wp\/v2\/users\/1"}],"replies":[{"embeddable":true,"href":"https:\/\/www.espacedetente.ovh\/index.php\/wp-json\/wp\/v2\/comments?post=66"}],"version-history":[{"count":6,"href":"https:\/\/www.espacedetente.ovh\/index.php\/wp-json\/wp\/v2\/pages\/66\/revisions"}],"predecessor-version":[{"id":1652,"href":"https:\/\/www.espacedetente.ovh\/index.php\/wp-json\/wp\/v2\/pages\/66\/revisions\/1652"}],"wp:attachment":[{"href":"https:\/\/www.espacedetente.ovh\/index.php\/wp-json\/wp\/v2\/media?parent=66"}],"curies":[{"name":"wp","href":"https:\/\/api.w.org\/{rel}","templated":true}]}}